

{"id":1068,"date":"2018-03-14T10:51:41","date_gmt":"2018-03-14T09:51:41","guid":{"rendered":"http:\/\/www.grandhotelsenia.com\/mentions-legales\/"},"modified":"2019-03-22T11:57:04","modified_gmt":"2019-03-22T10:57:04","slug":"legal-notices","status":"publish","type":"page","link":"https:\/\/www.grandhotelsenia.com\/en\/legal-notices\/","title":{"rendered":"Legal notices"},"content":{"rendered":"<p>[et_pb_section bb_built=&#8221;1&#8243; disabled_on=&#8221;off|off|off&#8221; module_class=&#8221;sub-header&#8221; _builder_version=&#8221;3.0.105&#8243; custom_padding=&#8221;0px|0px|0px|0px&#8221; custom_css_main_element=&#8221;position: fixed;||top: 0;||z-index: 1000;||width: 100%;&#8221; saved_tabs=&#8221;all&#8221; next_background_color=&#8221;#000000&#8243; global_module=&#8221;1149&#8243;][et_pb_row global_parent=&#8221;1149&#8243; use_custom_width=&#8221;on&#8221; width_unit=&#8221;off&#8221; custom_width_percent=&#8221;94%&#8221; use_custom_gutter=&#8221;on&#8221; gutter_width=&#8221;1&#8243; custom_padding=&#8221;0px|0px|15px|0px&#8221; make_equal=&#8221;on&#8221; custom_css_main_1=&#8221;display:flex;&#8221; custom_css_main_2=&#8221;text-align: right;&#8221; _builder_version=&#8221;3.0.105&#8243; custom_css_main_element=&#8221;display:flex;&#8221;][et_pb_column type=&#8221;2_3&#8243;][et_pb_cta global_parent=&#8221;1149&#8243; button_url=&#8221;tel:+33(0)146873130&#8243; button_text=&#8221;+33 (0)1 46 87 31 30&#8243; use_background_color=&#8221;off&#8221; disabled_on=&#8221;on|on|off&#8221; _builder_version=&#8221;3.0.105&#8243; custom_button=&#8221;on&#8221; button_text_size=&#8221;12px&#8221; button_text_color=&#8221;#000000&#8243; button_border_width=&#8221;0px&#8221; button_border_radius=&#8221;0px&#8221; button_icon=&#8221;%%264%%&#8221; button_icon_color=&#8221;#ca181a&#8221; button_icon_placement=&#8221;left&#8221; button_on_hover=&#8221;off&#8221; button_border_radius_hover=&#8221;0px&#8221; url_new_window=&#8221;off&#8221; background_layout=&#8221;dark&#8221; \/][et_pb_cta global_parent=&#8221;1149&#8243; button_url=&#8221;mailto:contact@grandhotelsenia.com&#8221; button_text=&#8221;contact@grandhotelsenia.com&#8221; use_background_color=&#8221;off&#8221; disabled_on=&#8221;on|on|off&#8221; _builder_version=&#8221;3.0.105&#8243; custom_button=&#8221;on&#8221; button_text_size=&#8221;12px&#8221; button_text_color=&#8221;#000000&#8243; button_border_width=&#8221;0px&#8221; button_border_radius=&#8221;0px&#8221; button_icon=&#8221;%%238%%&#8221; button_icon_color=&#8221;#ca181a&#8221; button_icon_placement=&#8221;left&#8221; button_on_hover=&#8221;off&#8221; button_border_radius_hover=&#8221;0px&#8221; url_new_window=&#8221;off&#8221; background_layout=&#8221;dark&#8221; \/][et_pb_text global_parent=&#8221;1149&#8243; _builder_version=&#8221;3.0.105&#8243; disabled_on=&#8221;on|on|off&#8221; custom_css_main_element=&#8221;display: flex;||align-items:center;&#8221; module_class=&#8221;menu-lang-desktop&#8221;] \n<div class=\"wpml-ls-statics-shortcode_actions wpml-ls wpml-ls-legacy-dropdown-click js-wpml-ls-legacy-dropdown-click\" id=\"lang_sel_click\">\n\t<ul role=\"menu\">\n\n\t\t<li class=\"wpml-ls-slot-shortcode_actions wpml-ls-item wpml-ls-item-en wpml-ls-current-language wpml-ls-first-item wpml-ls-item-legacy-dropdown-click\" role=\"none\">\n\n\t\t\t<a href=\"#\" class=\"js-wpml-ls-item-toggle wpml-ls-item-toggle lang_sel_sel icl-en\" role=\"menuitem\" title=\"Switch to EN\">\n                <span class=\"wpml-ls-native icl_lang_sel_native\" role=\"menuitem\">EN<\/span><\/a>\n\n\t\t\t<ul class=\"js-wpml-ls-sub-menu wpml-ls-sub-menu\" role=\"menu\">\n\t\t\t\t\n\t\t\t\t\t<li class=\"icl-fr wpml-ls-slot-shortcode_actions wpml-ls-item wpml-ls-item-fr wpml-ls-last-item\" role=\"none\">\n\t\t\t\t\t\t<a href=\"https:\/\/www.grandhotelsenia.com\/\" class=\"wpml-ls-link\" role=\"menuitem\" aria-label=\"Switch to FR\" title=\"Switch to FR\">\n                            <span class=\"wpml-ls-display icl_lang_sel_translated\">FR<\/span><\/a>\n\t\t\t\t\t<\/li>\n\n\t\t\t\t\t\t\t<\/ul>\n\n\t\t<\/li>\n\n\t<\/ul>\n<\/div>\n [\/et_pb_text][\/et_pb_column][et_pb_column type=&#8221;1_3&#8243;][et_pb_cta global_parent=&#8221;1149&#8243; button_url=&#8221;https:\/\/www.secure-direct-hotel-booking.com\/module_booking_engine\/index.php?id_etab=1d3514633f09d9dbbc10c1cb5203da77&amp;langue=english&#8221; url_new_window=&#8221;on&#8221; button_text=&#8221;Book&#8221; use_background_color=&#8221;off&#8221; disabled_on=&#8221;off|off|off&#8221; _builder_version=&#8221;3.0.105&#8243; max_width_tablet=&#8221;40%&#8221; max_width_last_edited=&#8221;on|desktop&#8221; module_alignment=&#8221;right&#8221; custom_button=&#8221;on&#8221; button_text_size=&#8221;16px&#8221; button_text_color=&#8221;#ffffff&#8221; button_bg_color=&#8221;#ca181a&#8221; button_border_width=&#8221;1px&#8221; button_border_radius=&#8221;5px&#8221; button_use_icon=&#8221;off&#8221; button_text_color_hover=&#8221;#ca181a&#8221; button_bg_color_hover=&#8221;#ffffff&#8221; button_border_color_hover=&#8221;#ca181a&#8221; button_border_radius_hover=&#8221;0px&#8221; custom_css_main_element=&#8221;text-align: right;&#8221; background_layout=&#8221;dark&#8221; button_icon_placement=&#8221;right&#8221; \/][\/et_pb_column][\/et_pb_row][\/et_pb_section][et_pb_section bb_built=&#8221;1&#8243; fullwidth=&#8221;on&#8221; module_class=&#8221;header-transparent&#8221; _builder_version=&#8221;3.0.105&#8243; custom_padding=&#8221;0px|0px|0px|0px&#8221; box_shadow_style=&#8221;preset4&#8243; saved_tabs=&#8221;all&#8221; next_background_color=&#8221;#000000&#8243; prev_background_color=&#8221;#000000&#8243; global_module=&#8221;1150&#8243;][et_pb_fullwidth_menu global_parent=&#8221;1150&#8243; menu_id=&#8221;11&#8243; fullwidth_menu=&#8221;off&#8221; _builder_version=&#8221;3.0.105&#8243; background_color=&#8221;#ffffff&#8221; submenu_direction=&#8221;downwards&#8221; background_layout=&#8221;light&#8221; \/][et_pb_fullwidth_image global_parent=&#8221;1150&#8243; src=&#8221;https:\/\/www.grandhotelsenia.com\/wp-content\/uploads\/2018\/03\/Logo.png&#8221; url=&#8221;https:\/\/www.grandhotelsenia.com\/en\/&#8221; _builder_version=&#8221;3.0.105&#8243; custom_css_main_element=&#8221;width: 30%;&#8221; show_in_lightbox=&#8221;off&#8221; url_new_window=&#8221;off&#8221; use_overlay=&#8221;off&#8221; \/][\/et_pb_section][et_pb_section bb_built=&#8221;1&#8243; _builder_version=&#8221;3.0.105&#8243; background_image=&#8221;https:\/\/www.grandhotelsenia.com\/wp-content\/uploads\/2018\/03\/background.png&#8221; background_size=&#8221;contain&#8221; background_position=&#8221;top_left&#8221; background_repeat=&#8221;repeat-x&#8221; custom_padding=&#8221;40px|50px|29px|50px&#8221; next_background_color=&#8221;#000000&#8243; prev_background_color=&#8221;#000000&#8243;][et_pb_row make_fullwidth=&#8221;on&#8221; custom_padding=&#8221;0px|0px|0px|0px&#8221; custom_padding_phone=&#8221;|||&#8221; custom_margin=&#8221;|||&#8221; custom_padding_last_edited=&#8221;on|phone&#8221; _builder_version=&#8221;3.0.105&#8243; background_size=&#8221;initial&#8221; background_position=&#8221;top_left&#8221; background_repeat=&#8221;repeat&#8221; custom_margin_phone=&#8221;|||&#8221; custom_margin_last_edited=&#8221;on|desktop&#8221;][et_pb_column type=&#8221;4_4&#8243;][et_pb_text background_layout=&#8221;dark&#8221; module_class=&#8221;heading-title&#8221; _builder_version=&#8221;3.0.105&#8243; header_font=&#8221;ABeeZee|700|||||||&#8221; header_font_size=&#8221;19px&#8221; header_font_size_tablet=&#8221;18px&#8221; header_font_size_phone=&#8221;16px&#8221; header_font_size_last_edited=&#8221;on|phone&#8221; header_text_color=&#8221;#7f7160&#8243; header_letter_spacing=&#8221;2px&#8221; custom_padding=&#8221;|||&#8221; custom_padding_last_edited=&#8221;off|desktop&#8221;]<\/p>\n<h1 style=\"text-align: center;\">Legal Notices\u00a0 |\u00a0 Grand Hotel S\u00e9nia\u00a0| Orly<\/h1>\n<p>[\/et_pb_text][\/et_pb_column][\/et_pb_row][\/et_pb_section][et_pb_section bb_built=&#8221;1&#8243; _builder_version=&#8221;3.0.105&#8243; custom_padding=&#8221;70px|0px|70px|0px&#8221; prev_background_color=&#8221;#000000&#8243; next_background_color=&#8221;#000000&#8243;][et_pb_row make_fullwidth=&#8221;on&#8221; custom_padding=&#8221;50px|0px|190px|0px&#8221; _builder_version=&#8221;3.0.85&#8243; background_size=&#8221;initial&#8221; background_position=&#8221;top_left&#8221; background_repeat=&#8221;repeat&#8221;][et_pb_column type=&#8221;1_3&#8243;][et_pb_text _builder_version=&#8221;3.0.105&#8243; text_font=&#8221;Noto Sans||||||||&#8221; header_font=&#8221;Gotham Bold||||||||&#8221; header_2_font=&#8221;Gotham Bold||||||||&#8221; header_3_font=&#8221;Gotham Bold||||||||&#8221; header_3_text_color=&#8221;#7f7160&#8243; animation_style=&#8221;fade&#8221; animation_delay=&#8221;100ms&#8221; background_layout=&#8221;light&#8221;]<\/p>\n<h3 class=\"mentions-item-title\" style=\"text-align: left;\"><span style=\"color: #7f7160;\">Owner :<\/span><\/h3>\n<p><b style=\"font-size: 14px;\">Head office : <\/b>Soci\u00e9t\u00e9\u00a0\u00a0JFK<br \/>\n<strong>Legal form : <\/strong>SARL<br \/>\n<strong>Director of publication\u00a0<\/strong>: Mme Bouchra VIOLLET<br \/>\n<b>Address\u00a0<\/b>:\u00a06 rue du Bas Marin 94310 ORLY<br \/>\n<b>Phone :\u00a0<\/b>01.46.87.31.30<b><br \/>\n<\/b><strong>SIRET :\u00a0<\/strong>439 286 972 00021<strong><br \/>\n<\/strong><strong>RCS :\u00a0<\/strong>439 286 972 00021 R.C.S. CRETEIL<br \/>\n<strong style=\"font-size: 14px;\">Intracommunity VAT number :\u00a0<\/strong>FR 13 439 286 972<br \/>\n<strong>Social capital\u00a0<\/strong><strong>:\u00a0<\/strong>198.000 \u20ac<\/p>\n<p>[\/et_pb_text][\/et_pb_column][et_pb_column type=&#8221;1_3&#8243;][et_pb_text _builder_version=&#8221;3.0.105&#8243; text_font=&#8221;Noto Sans||||||||&#8221; header_3_font=&#8221;Gotham Bold||||||||&#8221; animation_style=&#8221;fade&#8221; animation_delay=&#8221;150ms&#8221; background_layout=&#8221;light&#8221;]<\/p>\n<h3 class=\"mentions-item-title\" style=\"text-align: left;\"><span style=\"color: #7f7160;\">Website creation : Altelis<\/span><\/h3>\n<p><b>Phone :<\/b>\u00a0+33(0)1 85 09 74 06<br \/>\n<b>Address :<\/b> 37, rue Adam Ledoux 92400 Courbevoie &#8211; France<br \/>\n<b>SIRET :<\/b>\u00a0N\u00b080164723100050<br \/>\n<b>RCS :<\/b>\u00a0Paris B 801647231<br \/>\n<b>Intracommunity VAT number :<\/b>\u00a0FR44801647231<br \/>\n<b>Legal form :<\/b>\u00a0Soci\u00e9t\u00e9 \u00e0 responsabilit\u00e9 limit\u00e9e<br \/>\n<b>Social Capital :<\/b>\u00a0100.000,00 Euros<\/p>\n<p>[\/et_pb_text][\/et_pb_column][et_pb_column type=&#8221;1_3&#8243;][et_pb_text _builder_version=&#8221;3.0.105&#8243; text_font=&#8221;Noto Sans||||||||&#8221; header_3_font=&#8221;Gotham Bold||||||||&#8221; animation_style=&#8221;fade&#8221; animation_delay=&#8221;200ms&#8221; background_layout=&#8221;light&#8221;]<\/p>\n<h3 class=\"mentions-item-title\" style=\"text-align: left;\"><span style=\"color: #7f7160;\">Hosting : OVH<\/span><\/h3>\n<p><b>Phone :<\/b>\u00a0+33(0)8 99 70 17 61<br \/>\n<b>Address :<\/b>\u00a02, rue Kellermann 59100 Roubaix \u2013 France<br \/>\n<b>SIRET :<\/b>\u00a0N\u00b042476141900045<br \/>\n<b>RCS :<\/b>\u00a0Lille Metropole B 424761419<br \/>\n<b>Intracommunity VAT number :<\/b>\u00a0FR22424761419<br \/>\n<b>Legal form :<\/b>\u00a0Soci\u00e9t\u00e9 par actions simplifi\u00e9e<br \/>\n<b>Social Capital :<\/b>\u00a010.000.000,00 Euros<\/p>\n<p>[\/et_pb_text][\/et_pb_column][\/et_pb_row][\/et_pb_section][et_pb_section bb_built=&#8221;1&#8243; disabled_on=&#8221;on|on|&#8221; _builder_version=&#8221;3.0.105&#8243; background_image=&#8221;https:\/\/www.grandhotelsenia.com\/wp-content\/uploads\/2018\/03\/background.png&#8221; background_size=&#8221;contain&#8221; background_repeat=&#8221;repeat-x&#8221; border_width_top=&#8221;2px&#8221; border_color_top=&#8221;#dbd7d2&#8243; custom_padding=&#8221;0px|0px|0px|0px&#8221; saved_tabs=&#8221;all&#8221; next_background_color=&#8221;#dbd7d2&#8243; prev_background_color=&#8221;#000000&#8243; global_module=&#8221;1148&#8243;][et_pb_row global_parent=&#8221;1148&#8243; make_fullwidth=&#8221;on&#8221; custom_padding=&#8221;0px|0px|0px|0px&#8221; module_class=&#8221;flex-row&#8221; _builder_version=&#8221;3.0.105&#8243; custom_css_main_element=&#8221;display: flex;||align-items: center;&#8221;][et_pb_column type=&#8221;1_4&#8243;][et_pb_image global_parent=&#8221;1148&#8243; src=&#8221;https:\/\/www.grandhotelsenia.com\/wp-content\/uploads\/2018\/03\/Logo.png&#8221; align=&#8221;center&#8221; _builder_version=&#8221;3.0.105&#8243; max_width=&#8221;60%&#8221; module_alignment=&#8221;center&#8221; custom_margin=&#8221;10px||10px|&#8221; custom_padding=&#8221;|||&#8221; \/][\/et_pb_column][et_pb_column type=&#8221;1_4&#8243;][et_pb_blurb global_parent=&#8221;1148&#8243; use_icon=&#8221;on&#8221; font_icon=&#8221;%%249%%&#8221; icon_color=&#8221;#ca181a&#8221; icon_placement=&#8221;left&#8221; use_icon_font_size=&#8221;on&#8221; icon_font_size=&#8221;20px&#8221; _builder_version=&#8221;3.0.105&#8243; header_font_size=&#8221;12px&#8221; body_font_size=&#8221;12px&#8221; custom_margin=&#8221;|||&#8221; custom_padding=&#8221;|||&#8221; url_new_window=&#8221;off&#8221; use_circle=&#8221;off&#8221; use_circle_border=&#8221;off&#8221; background_layout=&#8221;light&#8221;]<\/p>\n<p>6 rue du Bas Marin, 94310 Orly<\/p>\n<p>[\/et_pb_blurb][\/et_pb_column][et_pb_column type=&#8221;1_4&#8243;][et_pb_blurb global_parent=&#8221;1148&#8243; use_icon=&#8221;on&#8221; font_icon=&#8221;%%264%%&#8221; icon_color=&#8221;#ca181a&#8221; icon_placement=&#8221;left&#8221; use_icon_font_size=&#8221;on&#8221; icon_font_size=&#8221;20px&#8221; _builder_version=&#8221;3.0.105&#8243; body_font_size=&#8221;12px&#8221; url_new_window=&#8221;off&#8221; use_circle=&#8221;off&#8221; use_circle_border=&#8221;off&#8221; background_layout=&#8221;light&#8221;]<\/p>\n<p><span style=\"color: #000000;\">+33 (0)1 46 87 31 30<\/span><\/p>\n<p>[\/et_pb_blurb][\/et_pb_column][et_pb_column type=&#8221;1_4&#8243;][et_pb_blurb global_parent=&#8221;1148&#8243; use_icon=&#8221;on&#8221; font_icon=&#8221;%%238%%&#8221; icon_color=&#8221;#ca181a&#8221; icon_placement=&#8221;left&#8221; use_icon_font_size=&#8221;on&#8221; icon_font_size=&#8221;20px&#8221; _builder_version=&#8221;3.0.105&#8243; body_font_size=&#8221;12px&#8221; url_new_window=&#8221;off&#8221; use_circle=&#8221;off&#8221; use_circle_border=&#8221;off&#8221; background_layout=&#8221;light&#8221;]<\/p>\n<p><span style=\"color: #000000;\"><a style=\"color: #000000;\" href=\"mailto:contact@grandhotelsenia.com\">contact@grandhotelsenia.com<\/a><\/span><\/p>\n<p>[\/et_pb_blurb][\/et_pb_column][\/et_pb_row][\/et_pb_section][et_pb_section bb_built=&#8221;1&#8243; background_color=&#8221;#dbd7d2&#8243; module_class=&#8221;altelis-footer&#8221; _builder_version=&#8221;3.0.105&#8243; custom_padding=&#8221;0px|0px|0px|0px&#8221; saved_tabs=&#8221;all&#8221; prev_background_color=&#8221;#ffffff&#8221; next_background_color=&#8221;#000000&#8243; global_module=&#8221;1146&#8243;][et_pb_row global_parent=&#8221;1146&#8243; make_fullwidth=&#8221;on&#8221; use_custom_gutter=&#8221;on&#8221; gutter_width=&#8221;1&#8243; custom_padding=&#8221;14px|0px|14px|0px&#8221; _builder_version=&#8221;3.0.105&#8243;][et_pb_column type=&#8221;4_4&#8243;][et_pb_text global_parent=&#8221;1146&#8243; _builder_version=&#8221;3.0.105&#8243; text_font=&#8221;Montserrat|300|||||||&#8221; text_font_size=&#8221;12px&#8221; text_text_color=&#8221;#000000&#8243; text_orientation=&#8221;center&#8221; background_layout=&#8221;light&#8221;]<\/p>\n<p><a style=\"color: inherit;\" href=\"https:\/\/www.grandhotelsenia.com\/en\/\">Grand Hotel Senia<\/a>\u00a0 \u00a0 \u00a0 |\u00a0 \u00a0 \u00a0 <a style=\"color: inherit;\" href=\"https:\/\/www.altelis.com\" target=\"_blank\" rel=\"noopener noreferrer\">Altelis<\/a>\u00a0 \u00a0 \u00a0 |\u00a0 \u00a0 \u00a0 <a style=\"color: inherit;\" href=\"https:\/\/www.grandhotelsenia.com\/en\/legal-notices\/\">Legal Notices<\/a>\u00a0 \u00a0 \u00a0 |\u00a0 \u00a0 \u00a0 \u00a0<span style=\"color: #000;\"><a style=\"color: #000;\" href=\"https:\/\/www.grandhotelsenia.com\/en\/general-conditions-of-sale\/\">General conditions of sale<\/a><\/span><\/p>\n<p>[\/et_pb_text][\/et_pb_column][\/et_pb_row][\/et_pb_section][et_pb_section bb_built=&#8221;1&#8243; background_color=&#8221;#dbd7d2&#8243; disabled_on=&#8221;||on&#8221; _builder_version=&#8221;3.0.105&#8243; custom_padding=&#8221;0px|0px|0px|0px&#8221; custom_css_main_element=&#8221; position: fixed;|| z-index: 1100;|| width: 100%;|| bottom: 0;|| height: 50px;&#8221; prev_background_color=&#8221;#000000&#8243; global_module=&#8221;1145&#8243;][et_pb_row global_parent=&#8221;1145&#8243; use_custom_width=&#8221;on&#8221; width_unit=&#8221;off&#8221; custom_width_percent=&#8221;100%&#8221; use_custom_gutter=&#8221;on&#8221; gutter_width=&#8221;1&#8243; custom_padding=&#8221;9px|0px|15px|0px&#8221; _builder_version=&#8221;3.0.105&#8243;][et_pb_column type=&#8221;4_4&#8243;][et_pb_text global_parent=&#8221;1145&#8243; _builder_version=&#8221;3.0.105&#8243; text_font=&#8221;Montserrat|300|||||||&#8221; text_font_size=&#8221;16px&#8221; text_text_color=&#8221;#977486&#8243; text_orientation=&#8221;center&#8221; module_class=&#8221;menu-lang-mobile&#8221; background_layout=&#8221;light&#8221;]<\/p>\n<p style=\"text-align: center;\"><a href=\"mailto:contact@grandhotelsenia.com\"><img loading=\"lazy\" decoding=\"async\" class=\"wp-image-1359 alignnone size-full\" src=\"..\/wp-content\/uploads\/2018\/03\/envelope.png\" alt=\"\" width=\"24\" height=\"24\" \/><\/a>\u00a0 \u00a0 \u00a0 \u00a0 \u00a0<a href=\"tel:+33(0)146873130\"><img loading=\"lazy\" decoding=\"async\" class=\"wp-image-1360 alignnone size-full\" src=\"..\/wp-content\/uploads\/2018\/03\/phone-receiver-2.png\" alt=\"\" width=\"24\" height=\"24\" \/><\/a>\u00a0 \u00a0 \u00a0 \u00a0 \u00a0<a href=\"..\/contact-acces\/\" target=\"_blank\" rel=\"noopener noreferrer\"><img loading=\"lazy\" decoding=\"async\" class=\"wp-image-1361 alignnone size-full\" src=\"..\/wp-content\/uploads\/2018\/03\/placeholder.png\" alt=\"\" width=\"24\" height=\"24\" \/><\/a><\/p>\n<div style=\"position: absolute; right: 0; top: 0;\">\n<div class=\"wpml-ls-statics-shortcode_actions wpml-ls wpml-ls-legacy-dropdown-click js-wpml-ls-legacy-dropdown-click\" id=\"lang_sel_click\">\n\t<ul role=\"menu\">\n\n\t\t<li class=\"wpml-ls-slot-shortcode_actions wpml-ls-item wpml-ls-item-en wpml-ls-current-language wpml-ls-first-item wpml-ls-item-legacy-dropdown-click\" role=\"none\">\n\n\t\t\t<a href=\"#\" class=\"js-wpml-ls-item-toggle wpml-ls-item-toggle lang_sel_sel icl-en\" role=\"menuitem\" title=\"Switch to EN\">\n                <span class=\"wpml-ls-native icl_lang_sel_native\" role=\"menuitem\">EN<\/span><\/a>\n\n\t\t\t<ul class=\"js-wpml-ls-sub-menu wpml-ls-sub-menu\" role=\"menu\">\n\t\t\t\t\n\t\t\t\t\t<li class=\"icl-fr wpml-ls-slot-shortcode_actions wpml-ls-item wpml-ls-item-fr wpml-ls-last-item\" role=\"none\">\n\t\t\t\t\t\t<a href=\"https:\/\/www.grandhotelsenia.com\/\" class=\"wpml-ls-link\" role=\"menuitem\" aria-label=\"Switch to FR\" title=\"Switch to FR\">\n                            <span class=\"wpml-ls-display icl_lang_sel_translated\">FR<\/span><\/a>\n\t\t\t\t\t<\/li>\n\n\t\t\t\t\t\t\t<\/ul>\n\n\t\t<\/li>\n\n\t<\/ul>\n<\/div>\n<\/div>\n<p>[\/et_pb_text][\/et_pb_column][\/et_pb_row][\/et_pb_section]<\/p>\n","protected":false},"excerpt":{"rendered":"<p>\n<div class=\"wpml-ls-statics-shortcode_actions wpml-ls wpml-ls-legacy-dropdown-click js-wpml-ls-legacy-dropdown-click\" id=\"lang_sel_click\">\n\t<ul role=\"menu\">\n\n\t\t<li class=\"wpml-ls-slot-shortcode_actions wpml-ls-item wpml-ls-item-en wpml-ls-current-language wpml-ls-first-item wpml-ls-item-legacy-dropdown-click\" role=\"none\">\n\n\t\t\t<a href=\"#\" class=\"js-wpml-ls-item-toggle wpml-ls-item-toggle lang_sel_sel icl-en\" role=\"menuitem\" title=\"Switch to EN\">\n                <span class=\"wpml-ls-native icl_lang_sel_native\" role=\"menuitem\">EN<\/span><\/a>\n\n\t\t\t<ul class=\"js-wpml-ls-sub-menu wpml-ls-sub-menu\" role=\"menu\">\n\t\t\t\t\n\t\t\t\t\t<li class=\"icl-fr wpml-ls-slot-shortcode_actions wpml-ls-item wpml-ls-item-fr wpml-ls-last-item\" role=\"none\">\n\t\t\t\t\t\t<a href=\"https:\/\/www.grandhotelsenia.com\/\" class=\"wpml-ls-link\" role=\"menuitem\" aria-label=\"Switch to FR\" title=\"Switch to FR\">\n                            <span class=\"wpml-ls-display icl_lang_sel_translated\">FR<\/span><\/a>\n\t\t\t\t\t<\/li>\n\n\t\t\t\t\t\t\t<\/ul>\n\n\t\t<\/li>\n\n\t<\/ul>\n<\/div>\n Legal Notices\u00a0 |\u00a0 Grand Hotel S\u00e9nia\u00a0| Orly Owner : Head office : Soci\u00e9t\u00e9\u00a0\u00a0JFK Legal form : SARL Director of publication\u00a0: Mme Bouchra VIOLLET Address\u00a0:\u00a06 rue du Bas Marin 94310 ORLY Phone :\u00a001.46.87.31.30 SIRET :\u00a0439 286 972 00021 RCS :\u00a0439 286 972 00021 R.C.S. CRETEIL Intracommunity VAT number :\u00a0FR 13 439 [&hellip;]<\/p>\n","protected":false},"author":1,"featured_media":0,"parent":0,"menu_order":0,"comment_status":"closed","ping_status":"closed","template":"","meta":{"_et_pb_use_builder":"on","_et_pb_old_content":"","_et_gb_content_width":"","footnotes":""},"class_list":["post-1068","page","type-page","status-publish","hentry"],"_links":{"self":[{"href":"https:\/\/www.grandhotelsenia.com\/en\/wp-json\/wp\/v2\/pages\/1068","targetHints":{"allow":["GET"]}}],"collection":[{"href":"https:\/\/www.grandhotelsenia.com\/en\/wp-json\/wp\/v2\/pages"}],"about":[{"href":"https:\/\/www.grandhotelsenia.com\/en\/wp-json\/wp\/v2\/types\/page"}],"author":[{"embeddable":true,"href":"https:\/\/www.grandhotelsenia.com\/en\/wp-json\/wp\/v2\/users\/1"}],"replies":[{"embeddable":true,"href":"https:\/\/www.grandhotelsenia.com\/en\/wp-json\/wp\/v2\/comments?post=1068"}],"version-history":[{"count":0,"href":"https:\/\/www.grandhotelsenia.com\/en\/wp-json\/wp\/v2\/pages\/1068\/revisions"}],"wp:attachment":[{"href":"https:\/\/www.grandhotelsenia.com\/en\/wp-json\/wp\/v2\/media?parent=1068"}],"curies":[{"name":"wp","href":"https:\/\/api.w.org\/{rel}","templated":true}]}}